{"id":1806,"date":"2022-11-16T09:55:30","date_gmt":"2022-11-16T09:55:30","guid":{"rendered":"https:\/\/wolfrossborg.com\/wolf-rossborg\/"},"modified":"2022-12-14T11:01:26","modified_gmt":"2022-12-14T11:01:26","slug":"wolf-rossborg","status":"publish","type":"page","link":"https:\/\/wolfrossborg.com\/de\/wolf-rossborg\/","title":{"rendered":"Wolf Rossborg"},"content":{"rendered":"\t\t<div data-elementor-type=\"wp-page\" data-elementor-id=\"1806\" class=\"elementor elementor-1806 elementor-63\" data-elementor-post-type=\"page\">\n\t\t\t\t\t\t<section class=\"elementor-section elementor-top-section elementor-element elementor-element-4688dd6 elementor-section-boxed elementor-section-height-default elementor-section-height-default\" data-id=\"4688dd6\" data-element_type=\"section\" data-e-type=\"section\">\n\t\t\t\t\t\t<div class=\"elementor-container elementor-column-gap-default\">\n\t\t\t\t\t<div class=\"elementor-column elementor-col-100 elementor-top-column elementor-element elementor-element-7e8383b\" data-id=\"7e8383b\" data-element_type=\"column\" data-e-type=\"column\">\n\t\t\t<div class=\"elementor-widget-wrap elementor-element-populated\">\n\t\t\t\t\t\t<div class=\"elementor-element elementor-element-5803d53 elementor-widget elementor-widget-text-editor\" data-id=\"5803d53\" data-element_type=\"widget\" data-e-type=\"widget\" data-widget_type=\"text-editor.default\">\n\t\t\t\t<div class=\"elementor-widget-container\">\n\t\t\t\t\t\t\t\t\t<h1 class=\"super_caption double_margin\">A good\u00a0<strong>abstract<\/strong>\u00a0artwork can\u2019t be\u00a0<strong>upside-down<\/strong>!<\/h1>\n\t\t\t\t\t\t\t\t<\/div>\n\t\t\t\t<\/div>\n\t\t\t\t\t<\/div>\n\t\t<\/div>\n\t\t\t\t\t<\/div>\n\t\t<\/section>\n\t\t\t\t<section class=\"elementor-section elementor-top-section elementor-element elementor-element-783da12 elementor-section-boxed elementor-section-height-default elementor-section-height-default\" data-id=\"783da12\" data-element_type=\"section\" data-e-type=\"section\">\n\t\t\t\t\t\t<div class=\"elementor-container elementor-column-gap-default\">\n\t\t\t\t\t<div class=\"elementor-column elementor-col-50 elementor-top-column elementor-element elementor-element-3f5ca4b\" data-id=\"3f5ca4b\" data-element_type=\"column\" data-e-type=\"column\">\n\t\t\t<div class=\"elementor-widget-wrap elementor-element-populated\">\n\t\t\t\t\t\t<div class=\"elementor-element elementor-element-1c78669 elementor-widget elementor-widget-image\" data-id=\"1c78669\" data-element_type=\"widget\" data-e-type=\"widget\" data-widget_type=\"image.default\">\n\t\t\t\t<div class=\"elementor-widget-container\">\n\t\t\t\t\t\t\t\t\t\t\t\t\t\t\t<img fetchpriority=\"high\" decoding=\"async\" width=\"717\" height=\"1024\" src=\"https:\/\/wolfrossborg.com\/wp-content\/uploads\/2022\/11\/Wolf_Rossborg_mit_Weinglas-717x1024-1.jpg\" class=\"attachment-large size-large wp-image-639\" alt=\"\" srcset=\"https:\/\/wolfrossborg.com\/wp-content\/uploads\/2022\/11\/Wolf_Rossborg_mit_Weinglas-717x1024-1.jpg 717w, https:\/\/wolfrossborg.com\/wp-content\/uploads\/2022\/11\/Wolf_Rossborg_mit_Weinglas-717x1024-1-210x300.jpg 210w\" sizes=\"(max-width: 717px) 100vw, 717px\" \/>\t\t\t\t\t\t\t\t\t\t\t\t\t\t\t<\/div>\n\t\t\t\t<\/div>\n\t\t\t\t\t<\/div>\n\t\t<\/div>\n\t\t\t\t<div class=\"elementor-column elementor-col-50 elementor-top-column elementor-element elementor-element-f92547f\" data-id=\"f92547f\" data-element_type=\"column\" data-e-type=\"column\">\n\t\t\t<div class=\"elementor-widget-wrap elementor-element-populated\">\n\t\t\t\t\t\t<div class=\"elementor-element elementor-element-e7f25fc elementor-widget elementor-widget-heading\" data-id=\"e7f25fc\" data-element_type=\"widget\" data-e-type=\"widget\" data-widget_type=\"heading.default\">\n\t\t\t\t<div class=\"elementor-widget-container\">\n\t\t\t\t\t<h2 class=\"elementor-heading-title elementor-size-default\">Wolf Rossborg<\/h2>\t\t\t\t<\/div>\n\t\t\t\t<\/div>\n\t\t\t\t<div class=\"elementor-element elementor-element-99e03ce elementor-widget elementor-widget-text-editor\" data-id=\"99e03ce\" data-element_type=\"widget\" data-e-type=\"widget\" data-widget_type=\"text-editor.default\">\n\t\t\t\t<div class=\"elementor-widget-container\">\n\t\t\t\t\t\t\t\t\t<div>Der 1946 in Kiel geborene K\u00fcnstler begann im wahrsten Sinne seine Karriere ganz bodenst\u00e4ndig. Das Studium der Ingenieurwissenschaften an der Hochschule in Kiel in den Jahren 1966- 1972 schloss er mit dem Diplom ab; es folgten anschlie\u00dfend bis 2002 Positionen als Gesch\u00e4ftsf\u00fchrer und Vorstandsvorsitzender in diversen Unternehmen. Im Jahre 1977 wurde er vom Manager Magazin zum Unternehmer des Jahres gew\u00e4hlt, 1998 folgte der Bayrische Innovationspreis der Bayrischen Staatsregierung.<\/div><div>\u00a0<\/div><div>Bereits w\u00e4hrend seines Ingenieurstudiums besuchte er parallel die Kunsthochschule Kiel.<br \/>Diese Ausbildung nahm er ab 2000 wieder auf und bildete sich in verschiedenen Maltechniken weiter.<\/div><div>\u00a0<\/div><div>Begleitet und inspiriert von Studienreisen in Spanien, Italien, Kuba, Afrika, China, Laos und Thailand gibt der seit 2003 freischaffende Maler Wolf Rossborg unter seinem K\u00fcnstlernamen Eindr\u00fccke in seinen Ateliers in Deutschland und Thailand wieder.<\/div>\t\t\t\t\t\t\t\t<\/div>\n\t\t\t\t<\/div>\n\t\t\t\t<div class=\"elementor-element elementor-element-a5bf46c elementor-widget elementor-widget-heading\" data-id=\"a5bf46c\" data-element_type=\"widget\" data-e-type=\"widget\" data-widget_type=\"heading.default\">\n\t\t\t\t<div class=\"elementor-widget-container\">\n\t\t\t\t\t<h2 class=\"elementor-heading-title elementor-size-default\">Ausstellungen<\/h2>\t\t\t\t<\/div>\n\t\t\t\t<\/div>\n\t\t\t\t<div class=\"elementor-element elementor-element-7bc18cb elementor-widget elementor-widget-text-editor\" data-id=\"7bc18cb\" data-element_type=\"widget\" data-e-type=\"widget\" data-widget_type=\"text-editor.default\">\n\t\t\t\t<div class=\"elementor-widget-container\">\n\t\t\t\t\t\t\t\t\t<p><strong>Galeria Villanueva Fine Art Sevilla Spanien<\/strong>, Schwan-Stabilo Gruppe N\u00fcrnberg,\u00a0<strong>Bildausstattung f\u00fcr den Deutschen Spielfilm \u201d 3 Grad k\u00e4lter\u201d<\/strong>, Galerie Kannegie\u00dfer N\u00fcrnberg,\u00a0<strong>Galerie Baumgartl M\u00fcnchen<\/strong>, Galerie Hyna Tegernsee,\u00a0<strong>BMW M\u00fcnchen<\/strong>, Hotelausstellung Residenz Winkler Aschau,\u00a0<strong>Art Expo New York<\/strong>, Galerie Klau Neuper,\u00a0<strong>Art Berlin<\/strong>, Art Castell N\u00fcrnberg,\u00a0<strong>Petronas Towers<\/strong>, Galerie Bingold N\u00fcrnberg, Villa W\u00fcnsche,\u00a0<strong>Gesch\u00e4ftsr\u00e4ume Shenzhen<\/strong>, Studio Breitsprecher N\u00fcrnberg,\u00a0<strong>N\u00fcrnberger Ehrenhalle,\u00a0<\/strong>Villa Meier Thailand,\u00a0<strong>Villa Marcus Jomtien<\/strong>, Villa Bernard Jomtien,\u00a0<strong>Villa Rossborg III Princess Area<\/strong>\u00a0<strong>Pattaya\u2026<\/strong><\/p>\t\t\t\t\t\t\t\t<\/div>\n\t\t\t\t<\/div>\n\t\t\t\t\t<\/div>\n\t\t<\/div>\n\t\t\t\t\t<\/div>\n\t\t<\/section>\n\t\t\t\t<section class=\"elementor-section elementor-top-section elementor-element elementor-element-57f1a4d elementor-section-boxed elementor-section-height-default elementor-section-height-default\" data-id=\"57f1a4d\" data-element_type=\"section\" data-e-type=\"section\">\n\t\t\t\t\t\t<div class=\"elementor-container elementor-column-gap-default\">\n\t\t\t\t\t<div class=\"elementor-column elementor-col-50 elementor-top-column elementor-element elementor-element-1e8428e\" data-id=\"1e8428e\" data-element_type=\"column\" data-e-type=\"column\">\n\t\t\t<div class=\"elementor-widget-wrap elementor-element-populated\">\n\t\t\t\t\t\t<div class=\"elementor-element elementor-element-3e60c30 elementor-widget elementor-widget-heading\" data-id=\"3e60c30\" data-element_type=\"widget\" data-e-type=\"widget\" data-widget_type=\"heading.default\">\n\t\t\t\t<div class=\"elementor-widget-container\">\n\t\t\t\t\t<h2 class=\"elementor-heading-title elementor-size-default\">WOLF ROSSBORG<br>\nWolkenLandschaften &amp; Portraits<\/h2>\t\t\t\t<\/div>\n\t\t\t\t<\/div>\n\t\t\t\t<div class=\"elementor-element elementor-element-a3bbe08 elementor-widget elementor-widget-text-editor\" data-id=\"a3bbe08\" data-element_type=\"widget\" data-e-type=\"widget\" data-widget_type=\"text-editor.default\">\n\t\t\t\t<div class=\"elementor-widget-container\">\n\t\t\t\t\t\t\t\t\t<p>Die WolkenLandschaften Wolf Rossborgs sind einerseits als gegenst\u00e4ndlich zu bezeichnen, k\u00f6nnen sich aber auch gleichzeitig zu v\u00f6llig freien, abstrakten Formationen entwickeln.\u00a0<\/p><p>Die WolkenLandschaften des ehemaligen Fliegers bieten immer wieder eine neue Sicht und unterschiedlichste Stimmungen: Von der naturgetreuen Wiedergabe der Wolken bis zur farblich v\u00f6llig freien Interpretation, von der friedlichen Stimmung bis hin zur bedrohlich wirkenden Atmosph\u00e4re.<\/p><p>Der Betrachter kann seinen pers\u00f6nlichen Gef\u00fchlen und Tr\u00e4umen folgen.<\/p><p>Mit der gleichen Freiheit mit der Wolf Rossborg die Gestaltung seiner WolkenLandschaft betreibt, w\u00e4hlt er das Zusammenspiel der Farben bei den Portr\u00e4ts, um die Pers\u00f6nlichkeit des Menschen zu unterstreichen.<\/p><p>Wolf Rossborg arbeitet fast ausschlie\u00dflich in \u00d6l auf Leinwand, da er mit dieser Technik die weichen \u00dcberg\u00e4nge erreichen kann, auf die er besonders gro\u00dfen Wert legt.<\/p>\t\t\t\t\t\t\t\t<\/div>\n\t\t\t\t<\/div>\n\t\t\t\t\t<\/div>\n\t\t<\/div>\n\t\t\t\t<div class=\"elementor-column elementor-col-50 elementor-top-column elementor-element elementor-element-ca62909\" data-id=\"ca62909\" data-element_type=\"column\" data-e-type=\"column\">\n\t\t\t<div class=\"elementor-widget-wrap elementor-element-populated\">\n\t\t\t\t\t\t<div class=\"elementor-element elementor-element-849430e elementor-widget elementor-widget-image\" data-id=\"849430e\" data-element_type=\"widget\" data-e-type=\"widget\" data-widget_type=\"image.default\">\n\t\t\t\t<div class=\"elementor-widget-container\">\n\t\t\t\t\t\t\t\t\t\t\t\t\t\t\t<img decoding=\"async\" width=\"725\" height=\"1024\" src=\"https:\/\/wolfrossborg.com\/wp-content\/uploads\/2022\/12\/img20221214_16095207-725x1024.jpg\" class=\"attachment-large size-large wp-image-2233\" alt=\"\" srcset=\"https:\/\/wolfrossborg.com\/wp-content\/uploads\/2022\/12\/img20221214_16095207-725x1024.jpg 725w, https:\/\/wolfrossborg.com\/wp-content\/uploads\/2022\/12\/img20221214_16095207-212x300.jpg 212w, https:\/\/wolfrossborg.com\/wp-content\/uploads\/2022\/12\/img20221214_16095207-768x1085.jpg 768w, https:\/\/wolfrossborg.com\/wp-content\/uploads\/2022\/12\/img20221214_16095207-1087x1536.jpg 1087w, https:\/\/wolfrossborg.com\/wp-content\/uploads\/2022\/12\/img20221214_16095207-1449x2048.jpg 1449w, https:\/\/wolfrossborg.com\/wp-content\/uploads\/2022\/12\/img20221214_16095207-scaled.jpg 1811w\" sizes=\"(max-width: 725px) 100vw, 725px\" \/>\t\t\t\t\t\t\t\t\t\t\t\t\t\t\t<\/div>\n\t\t\t\t<\/div>\n\t\t\t\t\t<\/div>\n\t\t<\/div>\n\t\t\t\t\t<\/div>\n\t\t<\/section>\n\t\t\t\t<\/div>\n\t\t","protected":false},"excerpt":{"rendered":"<p>A good\u00a0abstract\u00a0artwork can\u2019t be\u00a0upside-down! Wolf Rossborg Der 1946 in Kiel geborene K\u00fcnstler begann im wahrsten Sinne seine Karriere ganz bodenst\u00e4ndig. Das Studium der Ingenieurwissenschaften an der Hochschule in Kiel in den Jahren 1966- 1972 schloss er mit dem Diplom ab; es folgten anschlie\u00dfend bis 2002 Positionen als Gesch\u00e4ftsf\u00fchrer und Vorstandsvorsitzender in diversen Unternehmen. Im Jahre [&hellip;]<\/p>\n","protected":false},"author":1,"featured_media":0,"parent":0,"menu_order":0,"comment_status":"closed","ping_status":"closed","template":"","meta":{"footnotes":""},"class_list":["post-1806","page","type-page","status-publish","hentry"],"_links":{"self":[{"href":"https:\/\/wolfrossborg.com\/de\/wp-json\/wp\/v2\/pages\/1806","targetHints":{"allow":["GET"]}}],"collection":[{"href":"https:\/\/wolfrossborg.com\/de\/wp-json\/wp\/v2\/pages"}],"about":[{"href":"https:\/\/wolfrossborg.com\/de\/wp-json\/wp\/v2\/types\/page"}],"author":[{"embeddable":true,"href":"https:\/\/wolfrossborg.com\/de\/wp-json\/wp\/v2\/users\/1"}],"replies":[{"embeddable":true,"href":"https:\/\/wolfrossborg.com\/de\/wp-json\/wp\/v2\/comments?post=1806"}],"version-history":[{"count":12,"href":"https:\/\/wolfrossborg.com\/de\/wp-json\/wp\/v2\/pages\/1806\/revisions"}],"predecessor-version":[{"id":2242,"href":"https:\/\/wolfrossborg.com\/de\/wp-json\/wp\/v2\/pages\/1806\/revisions\/2242"}],"wp:attachment":[{"href":"https:\/\/wolfrossborg.com\/de\/wp-json\/wp\/v2\/media?parent=1806"}],"curies":[{"name":"wp","href":"https:\/\/api.w.org\/{rel}","templated":true}]}}