{"id":1789,"date":"2022-11-16T08:55:07","date_gmt":"2022-11-16T08:55:07","guid":{"rendered":"https:\/\/wolfrossborg.com\/home\/"},"modified":"2022-12-19T04:15:22","modified_gmt":"2022-12-19T04:15:22","slug":"home","status":"publish","type":"page","link":"https:\/\/wolfrossborg.com\/de\/","title":{"rendered":"Home"},"content":{"rendered":"\t\t<div data-elementor-type=\"wp-page\" data-elementor-id=\"1789\" class=\"elementor elementor-1789 elementor-24\" data-elementor-post-type=\"page\">\n\t\t\t\t\t\t<section class=\"elementor-section elementor-top-section elementor-element elementor-element-43b5904 elementor-section-height-min-height elementor-section-boxed elementor-section-height-default elementor-section-items-middle\" data-id=\"43b5904\" data-element_type=\"section\" data-e-type=\"section\" data-settings=\"{&quot;background_background&quot;:&quot;classic&quot;}\">\n\t\t\t\t\t\t<div class=\"elementor-container elementor-column-gap-default\">\n\t\t\t\t\t<div class=\"elementor-column elementor-col-100 elementor-top-column elementor-element elementor-element-a902413\" data-id=\"a902413\" data-element_type=\"column\" data-e-type=\"column\">\n\t\t\t<div class=\"elementor-widget-wrap\">\n\t\t\t\t\t\t\t<\/div>\n\t\t<\/div>\n\t\t\t\t\t<\/div>\n\t\t<\/section>\n\t\t\t\t<section class=\"elementor-section elementor-top-section elementor-element elementor-element-a8193bc elementor-section-boxed elementor-section-height-default elementor-section-height-default\" data-id=\"a8193bc\" data-element_type=\"section\" data-e-type=\"section\">\n\t\t\t\t\t\t<div class=\"elementor-container elementor-column-gap-default\">\n\t\t\t\t\t<div class=\"elementor-column elementor-col-33 elementor-top-column elementor-element elementor-element-48971c5\" data-id=\"48971c5\" data-element_type=\"column\" data-e-type=\"column\">\n\t\t\t<div class=\"elementor-widget-wrap elementor-element-populated\">\n\t\t\t\t\t\t<div class=\"elementor-element elementor-element-6ea9c73 elementor-widget elementor-widget-heading\" data-id=\"6ea9c73\" data-element_type=\"widget\" data-e-type=\"widget\" data-widget_type=\"heading.default\">\n\t\t\t\t<div class=\"elementor-widget-container\">\n\t\t\t\t\t<h2 class=\"elementor-heading-title elementor-size-default\">Abstrakte Malerei<\/h2>\t\t\t\t<\/div>\n\t\t\t\t<\/div>\n\t\t\t\t<div class=\"elementor-element elementor-element-b75b512 elementor-widget elementor-widget-image\" data-id=\"b75b512\" data-element_type=\"widget\" data-e-type=\"widget\" data-widget_type=\"image.default\">\n\t\t\t\t<div class=\"elementor-widget-container\">\n\t\t\t\t\t\t\t\t\t\t\t\t\t\t\t<img fetchpriority=\"high\" decoding=\"async\" width=\"800\" height=\"730\" src=\"https:\/\/wolfrossborg.com\/wp-content\/uploads\/2022\/12\/img20221214_16034979-1024x934.jpg\" class=\"attachment-large size-large wp-image-2220\" alt=\"\" srcset=\"https:\/\/wolfrossborg.com\/wp-content\/uploads\/2022\/12\/img20221214_16034979-1024x934.jpg 1024w, https:\/\/wolfrossborg.com\/wp-content\/uploads\/2022\/12\/img20221214_16034979-300x274.jpg 300w, https:\/\/wolfrossborg.com\/wp-content\/uploads\/2022\/12\/img20221214_16034979-768x701.jpg 768w, https:\/\/wolfrossborg.com\/wp-content\/uploads\/2022\/12\/img20221214_16034979-1536x1401.jpg 1536w, https:\/\/wolfrossborg.com\/wp-content\/uploads\/2022\/12\/img20221214_16034979-2048x1868.jpg 2048w\" sizes=\"(max-width: 800px) 100vw, 800px\" \/>\t\t\t\t\t\t\t\t\t\t\t\t\t\t\t<\/div>\n\t\t\t\t<\/div>\n\t\t\t\t<div class=\"elementor-element elementor-element-0a14a1a elementor-widget elementor-widget-text-editor\" data-id=\"0a14a1a\" data-element_type=\"widget\" data-e-type=\"widget\" data-widget_type=\"text-editor.default\">\n\t\t\t\t<div class=\"elementor-widget-container\">\n\t\t\t\t\t\t\t\t\t<p>Die fr\u00fchen und sp\u00e4teren Arbeiten von Wolf Rossborg erweisen sich als lebendige non-figurative Kompositionen, vereinen dominante Farbkontraste, setzen filigrane Strukturen in Kontrast zu heftigen, grob und expressiv mit dem Spachtel gearbeitete Passagen. Mehrere Farbschichten sind \u00fcbereinandergelagert, lassen darunterliegende Schichten erahnen, zum Teil hervorblitzen. Hier und da ein St\u00fcck reine,unber\u00fchrte Leinwand. Durch die \u00dcberlagerung von teilweise kr\u00e4ftigen Chinarot entsteht bei l\u00e4ngerer Betrachtung ein dreidimensionaler Eindruck. Immer wieder kehrt der K\u00fcnstler zu einer von Ihm entwickelten, wie er es benennt Durchblickmalerei, zur\u00fcck. Hier steht realistische \u00d6lmalerei im harmonischen Wettstreit mit der abstrakten Akrylmalerei auf einer Leinwand. \u00dcber die Jahre hat der K\u00fcnstler seine Technik verfeinert. Klare Gro\u00dfformatige Farbfl\u00e4chen sind haupts\u00e4chlich seine Ausdrucksweise. Wolf Rossborg verwendet f\u00fcr seine abstrakte Malerei Akrylfarben.<\/p>\t\t\t\t\t\t\t\t<\/div>\n\t\t\t\t<\/div>\n\t\t\t\t\t<\/div>\n\t\t<\/div>\n\t\t\t\t<div class=\"elementor-column elementor-col-33 elementor-top-column elementor-element elementor-element-2da0049\" data-id=\"2da0049\" data-element_type=\"column\" data-e-type=\"column\">\n\t\t\t<div class=\"elementor-widget-wrap elementor-element-populated\">\n\t\t\t\t\t\t<div class=\"elementor-element elementor-element-95cb3af elementor-widget elementor-widget-heading\" data-id=\"95cb3af\" data-element_type=\"widget\" data-e-type=\"widget\" data-widget_type=\"heading.default\">\n\t\t\t\t<div class=\"elementor-widget-container\">\n\t\t\t\t\t<h2 class=\"elementor-heading-title elementor-size-default\">Realistische Malerei<\/h2>\t\t\t\t<\/div>\n\t\t\t\t<\/div>\n\t\t\t\t<div class=\"elementor-element elementor-element-1b8f802 elementor-widget elementor-widget-image\" data-id=\"1b8f802\" data-element_type=\"widget\" data-e-type=\"widget\" data-widget_type=\"image.default\">\n\t\t\t\t<div class=\"elementor-widget-container\">\n\t\t\t\t\t\t\t\t\t\t\t\t\t\t\t<img decoding=\"async\" width=\"509\" height=\"465\" src=\"https:\/\/wolfrossborg.com\/wp-content\/uploads\/2022\/11\/Wolf_Rossborg_hundred1-509x465-1.jpg\" class=\"attachment-large size-large wp-image-627\" alt=\"\" srcset=\"https:\/\/wolfrossborg.com\/wp-content\/uploads\/2022\/11\/Wolf_Rossborg_hundred1-509x465-1.jpg 509w, https:\/\/wolfrossborg.com\/wp-content\/uploads\/2022\/11\/Wolf_Rossborg_hundred1-509x465-1-300x274.jpg 300w\" sizes=\"(max-width: 509px) 100vw, 509px\" \/>\t\t\t\t\t\t\t\t\t\t\t\t\t\t\t<\/div>\n\t\t\t\t<\/div>\n\t\t\t\t<div class=\"elementor-element elementor-element-591ef98 elementor-widget elementor-widget-text-editor\" data-id=\"591ef98\" data-element_type=\"widget\" data-e-type=\"widget\" data-widget_type=\"text-editor.default\">\n\t\t\t\t<div class=\"elementor-widget-container\">\n\t\t\t\t\t\t\t\t\t<p>Durch sein Studium und seine Studienreisen durch die verschiedensten L\u00e4nder und Klimazonen findet Rossborg ein weiteres Thema: Die gro\u00dfformatigen Wolkenlandschaften, Landschaften und Portr\u00e4ts. Diese sind einerseits als gegenst\u00e4ndlich zu bezeichnen, k\u00f6nnen sich aber auch gleichzeitig zu v\u00f6llig freien, abstrakten Formationen entwickeln. Die Wolkenlandschaften des ehemaligen Fliegers bieten immer wieder eine neue Sicht und unterschiedlichste Stimmungen:<br \/>Von der naturgetreuen Wiedergabe der Wolken bis zur farblich v\u00f6llig freien Interpretation, von der friedlichen Stimmung bis hin zur bedrohlich wirkenden Atmosph\u00e4re. Der Betrachter kann seinen Gef\u00fchlen und Tr\u00e4umen folgen.<br \/>Landschaften, sowie Portr\u00e4ts sind des \u00f6fteren verfremdet und doch in ihrer speziellen Eigenart harmonisch. Wolf Rossborg verwendet f\u00fcr seine realistische Malerei die \u00d6lfarbe, die er in einem speziellen Verfahren, der Schwabeltechnik, aufbringt. Hierdurch erreicht er einen ansatzlosen \u00dcbergang zwischen den Farbschichten und damit einen fotografischen Efekt bei seine Bildern.<\/p>\t\t\t\t\t\t\t\t<\/div>\n\t\t\t\t<\/div>\n\t\t\t\t\t<\/div>\n\t\t<\/div>\n\t\t\t\t<div class=\"elementor-column elementor-col-33 elementor-top-column elementor-element elementor-element-aff05c1\" data-id=\"aff05c1\" data-element_type=\"column\" data-e-type=\"column\">\n\t\t\t<div class=\"elementor-widget-wrap elementor-element-populated\">\n\t\t\t\t\t\t<div class=\"elementor-element elementor-element-227cf2e elementor-widget elementor-widget-heading\" data-id=\"227cf2e\" data-element_type=\"widget\" data-e-type=\"widget\" data-widget_type=\"heading.default\">\n\t\t\t\t<div class=\"elementor-widget-container\">\n\t\t\t\t\t<h2 class=\"elementor-heading-title elementor-size-default\">Architektur \/ Design<\/h2>\t\t\t\t<\/div>\n\t\t\t\t<\/div>\n\t\t\t\t<div class=\"elementor-element elementor-element-be5ac86 elementor-widget elementor-widget-image\" data-id=\"be5ac86\" data-element_type=\"widget\" data-e-type=\"widget\" data-widget_type=\"image.default\">\n\t\t\t\t<div class=\"elementor-widget-container\">\n\t\t\t\t\t\t\t\t\t\t\t\t\t\t\t<img decoding=\"async\" width=\"509\" height=\"465\" src=\"https:\/\/wolfrossborg.com\/wp-content\/uploads\/2022\/11\/Wolf_Rossborg_Architektur-509x465-1.jpg\" class=\"attachment-large size-large wp-image-624\" alt=\"\" srcset=\"https:\/\/wolfrossborg.com\/wp-content\/uploads\/2022\/11\/Wolf_Rossborg_Architektur-509x465-1.jpg 509w, https:\/\/wolfrossborg.com\/wp-content\/uploads\/2022\/11\/Wolf_Rossborg_Architektur-509x465-1-300x274.jpg 300w\" sizes=\"(max-width: 509px) 100vw, 509px\" \/>\t\t\t\t\t\t\t\t\t\t\t\t\t\t\t<\/div>\n\t\t\t\t<\/div>\n\t\t\t\t<div class=\"elementor-element elementor-element-deefb48 elementor-widget elementor-widget-text-editor\" data-id=\"deefb48\" data-element_type=\"widget\" data-e-type=\"widget\" data-widget_type=\"text-editor.default\">\n\t\t\t\t<div class=\"elementor-widget-container\">\n\t\t\t\t\t\t\t\t\t<p>Design und Architektur haben neben der Malerei das Leben des K\u00fcnstlers Wolf Rossborg (K\u00fcnstlernahme) und des Businessman Michael W\u00fcnsche bestimmt und sich in seinen Geb\u00e4uden und M\u00f6beln vereint. Michael W\u00fcnsche errang mit seiner Wunderland Immobilie 1983 die Silbermedalie im St\u00e4dtebauwettbewerb BRD.<br \/>1994 wurde die erste bewohnbare Ganzglaspyramide in F\u00fcrth fertiggestellt. Es folgten viele weitere Geb\u00e4ude in Deutschland und Thailand. Ab 2003 entwickelte Wolf Rossborg dann das integrierte Konzept f\u00fcr seine Wohnh\u00e4user in Asien. Gartendesign, Archtektur, Innenarchitektur, M\u00f6bel, Bilder, etc. m\u00fcssen in einem harmonischen Gleichklang auftreten. Egal von welchem Raum eines Hauses, darf der kritische Blick von innen heraus und innen herein nicht von einem Missgef\u00fchl gestreift werden. So hat er dann auch seine Bilder dem Raumklang unterworfen und umgekehrt.<br \/>Das Ziel ist, das der Durchwanderer der Rossborg Villa das Gef\u00fchl, hier m\u00f6chte ich leben, in sich tr\u00e4gt, bei gleichzeitiger totaler Uneinsichtigkeit zum Nachbarn. Eben das kleine Paradies.<br \/>Thailand macht auf Grund der klimatischen Bedingungen dies ganzj\u00e4hrig m\u00f6glich. Die dritte Rossborg Villa ist fertiggestellt.<\/p><p>Die vierte Rossborg Villa ist fertig gestellt. Und das erste Penthouse direkt am Meer.<\/p>\t\t\t\t\t\t\t\t<\/div>\n\t\t\t\t<\/div>\n\t\t\t\t\t<\/div>\n\t\t<\/div>\n\t\t\t\t\t<\/div>\n\t\t<\/section>\n\t\t\t\t<\/div>\n\t\t","protected":false},"excerpt":{"rendered":"<p>Abstrakte Malerei Die fr\u00fchen und sp\u00e4teren Arbeiten von Wolf Rossborg erweisen sich als lebendige non-figurative Kompositionen, vereinen dominante Farbkontraste, setzen filigrane Strukturen in Kontrast zu heftigen, grob und expressiv mit dem Spachtel gearbeitete Passagen. Mehrere Farbschichten sind \u00fcbereinandergelagert, lassen darunterliegende Schichten erahnen, zum Teil hervorblitzen. Hier und da ein St\u00fcck reine,unber\u00fchrte Leinwand. Durch die \u00dcberlagerung [&hellip;]<\/p>\n","protected":false},"author":1,"featured_media":0,"parent":0,"menu_order":0,"comment_status":"closed","ping_status":"closed","template":"","meta":{"footnotes":""},"class_list":["post-1789","page","type-page","status-publish","hentry"],"_links":{"self":[{"href":"https:\/\/wolfrossborg.com\/de\/wp-json\/wp\/v2\/pages\/1789","targetHints":{"allow":["GET"]}}],"collection":[{"href":"https:\/\/wolfrossborg.com\/de\/wp-json\/wp\/v2\/pages"}],"about":[{"href":"https:\/\/wolfrossborg.com\/de\/wp-json\/wp\/v2\/types\/page"}],"author":[{"embeddable":true,"href":"https:\/\/wolfrossborg.com\/de\/wp-json\/wp\/v2\/users\/1"}],"replies":[{"embeddable":true,"href":"https:\/\/wolfrossborg.com\/de\/wp-json\/wp\/v2\/comments?post=1789"}],"version-history":[{"count":15,"href":"https:\/\/wolfrossborg.com\/de\/wp-json\/wp\/v2\/pages\/1789\/revisions"}],"predecessor-version":[{"id":2479,"href":"https:\/\/wolfrossborg.com\/de\/wp-json\/wp\/v2\/pages\/1789\/revisions\/2479"}],"wp:attachment":[{"href":"https:\/\/wolfrossborg.com\/de\/wp-json\/wp\/v2\/media?parent=1789"}],"curies":[{"name":"wp","href":"https:\/\/api.w.org\/{rel}","templated":true}]}}